{"id":3985,"date":"2022-09-12T23:15:42","date_gmt":"2022-09-12T20:15:42","guid":{"rendered":"https:\/\/www.axistechnic.com\/?page_id=3985"},"modified":"2022-09-20T23:10:30","modified_gmt":"2022-09-20T20:10:30","slug":"vizyonumuz","status":"publish","type":"page","link":"https:\/\/www.axistechnic.com\/index.php\/vizyonumuz\/","title":{"rendered":"Vizyonumuz"},"content":{"rendered":"\t\t<div data-elementor-type=\"wp-page\" data-elementor-id=\"3985\" class=\"elementor elementor-3985\">\n\t\t\t\t\t\t\t\t\t<section class=\"elementor-section elementor-top-section elementor-element elementor-element-c0a7009 elementor-section-boxed elementor-section-height-default elementor-section-height-default\" data-id=\"c0a7009\" data-element_type=\"section\" data-settings=\"{&quot;background_background&quot;:&quot;classic&quot;}\">\n\t\t\t\t\t\t<div class=\"elementor-container elementor-column-gap-default\">\n\t\t\t\t\t<div class=\"elementor-column elementor-col-100 elementor-top-column elementor-element elementor-element-068ab7a\" data-id=\"068ab7a\" data-element_type=\"column\">\n\t\t\t<div class=\"elementor-widget-wrap elementor-element-populated\">\n\t\t\t\t\t\t\t\t<div class=\"elementor-element elementor-element-de4d24d elementor-widget elementor-widget-spacer\" data-id=\"de4d24d\" data-element_type=\"widget\" data-widget_type=\"spacer.default\">\n\t\t\t\t<div class=\"elementor-widget-container\">\n\t\t\t<style>\/*! elementor - v3.7.4 - 31-08-2022 *\/\n.elementor-column .elementor-spacer-inner{height:var(--spacer-size)}.e-container{--container-widget-width:100%}.e-container>.elementor-widget-spacer{width:var(--container-widget-width,var(--spacer-size));-ms-flex-item-align:stretch;align-self:stretch;-ms-flex-negative:0;flex-shrink:0}.e-container>.elementor-widget-spacer>.elementor-widget-container,.e-container>.elementor-widget-spacer>.elementor-widget-container>.elementor-spacer{height:100%}.e-container>.elementor-widget-spacer>.elementor-widget-container>.elementor-spacer>.elementor-spacer-inner{height:var(--container-widget-height,var(--spacer-size))}<\/style>\t\t<div class=\"elementor-spacer\">\n\t\t\t<div class=\"elementor-spacer-inner\"><\/div>\n\t\t<\/div>\n\t\t\t\t<\/div>\n\t\t\t\t<\/div>\n\t\t\t\t<div class=\"elementor-element elementor-element-b6b6ad6 elementor-widget elementor-widget-heading\" data-id=\"b6b6ad6\" data-element_type=\"widget\" data-widget_type=\"heading.default\">\n\t\t\t\t<div class=\"elementor-widget-container\">\n\t\t\t<style>\/*! elementor - v3.7.4 - 31-08-2022 *\/\n.elementor-heading-title{padding:0;margin:0;line-height:1}.elementor-widget-heading .elementor-heading-title[class*=elementor-size-]>a{color:inherit;font-size:inherit;line-height:inherit}.elementor-widget-heading .elementor-heading-title.elementor-size-small{font-size:15px}.elementor-widget-heading .elementor-heading-title.elementor-size-medium{font-size:19px}.elementor-widget-heading .elementor-heading-title.elementor-size-large{font-size:29px}.elementor-widget-heading .elementor-heading-title.elementor-size-xl{font-size:39px}.elementor-widget-heading .elementor-heading-title.elementor-size-xxl{font-size:59px}<\/style><h2 class=\"elementor-heading-title elementor-size-xl\">Vizyonumuz<\/h2>\t\t<\/div>\n\t\t\t\t<\/div>\n\t\t\t\t<div class=\"elementor-element elementor-element-9b9b317 elementor-widget elementor-widget-heading\" data-id=\"9b9b317\" data-element_type=\"widget\" data-widget_type=\"heading.default\">\n\t\t\t\t<div class=\"elementor-widget-container\">\n\t\t\t<h2 class=\"elementor-heading-title elementor-size-large\">Kaliteli, dinamik, g\u00fcler y\u00fczl\u00fc ve yenilik\u00e7i anlay\u0131\u015f\u0131m\u0131z ile sekt\u00f6rde bilinirli\u011fimizi \u00fcst d\u00fczeye ta\u015f\u0131yarak; sekt\u00f6rde g\u00fcvenilir bir \u00e7\u00f6z\u00fcm orta\u011f\u0131 olmak ve sa\u011flad\u0131\u011f\u0131m\u0131z \u00e7al\u0131\u015fma imkanlar\u0131 ile \u00e7al\u0131\u015fanlar\u0131m\u0131z i\u00e7in vazge\u00e7ilmez bir firma olmak. <\/h2>\t\t<\/div>\n\t\t\t\t<\/div>\n\t\t\t\t<div class=\"elementor-element elementor-element-a9caac6 elementor-widget elementor-widget-heading\" data-id=\"a9caac6\" data-element_type=\"widget\" data-widget_type=\"heading.default\">\n\t\t\t\t<div class=\"elementor-widget-container\">\n\t\t\t<h2 class=\"elementor-heading-title elementor-size-xl\">Misyonumuz<\/h2>\t\t<\/div>\n\t\t\t\t<\/div>\n\t\t\t\t<div class=\"elementor-element elementor-element-407ea5f elementor-widget elementor-widget-heading\" data-id=\"407ea5f\" data-element_type=\"widget\" data-widget_type=\"heading.default\">\n\t\t\t\t<div class=\"elementor-widget-container\">\n\t\t\t<h2 class=\"elementor-heading-title elementor-size-large\">Faaliyet G\u00f6sterdi\u011fimiz Alanlarda G\u00fcvenli, Y\u00fcksek Kaliteli ,\nUygun Maliyetli \u00dcr\u00fcnler ile Teknik Servis ve Y\u00f6netim Hizmetlerini G\u00fcvenilir,\nKaliteli, H\u0131zl\u0131 Dinamik ve Yenilik\u00e7i Bir Bi\u00e7imde Sunarak M\u00fc\u015fterilerimizin\nBeklentilerini En \u00dcst D\u00fczeyde Yerine Getirmek.<o:p><\/o:p><\/p>\n\n<\/h2>\t\t<\/div>\n\t\t\t\t<\/div>\n\t\t\t\t\t<\/div>\n\t\t<\/div>\n\t\t\t\t\t\t\t<\/div>\n\t\t<\/section>\n\t\t\t\t\t\t\t<\/div>\n\t\t","protected":false},"excerpt":{"rendered":"<p>Vizyonumuz Kaliteli, dinamik, g\u00fcler y\u00fczl\u00fc ve yenilik\u00e7i anlay\u0131\u015f\u0131m\u0131z ile sekt\u00f6rde bilinirli\u011fimizi \u00fcst d\u00fczeye ta\u015f\u0131yarak; sekt\u00f6rde g\u00fcvenilir bir \u00e7\u00f6z\u00fcm orta\u011f\u0131 olmak ve sa\u011flad\u0131\u011f\u0131m\u0131z \u00e7al\u0131\u015fma imkanlar\u0131 ile \u00e7al\u0131\u015fanlar\u0131m\u0131z i\u00e7in vazge\u00e7ilmez bir firma olmak. Misyonumuz Faaliyet G\u00f6sterdi\u011fimiz Alanlarda G\u00fcvenli, Y\u00fcksek Kaliteli , Uygun Maliyetli \u00dcr\u00fcnler ile Teknik Servis ve Y\u00f6netim Hizmetlerini G\u00fcvenilir, Kaliteli, H\u0131zl\u0131 Dinamik ve Yenilik\u00e7i Bir &hellip;<\/p>\n<p class=\"read-more\"> <a class=\"\" href=\"https:\/\/www.axistechnic.com\/index.php\/vizyonumuz\/\"> <span class=\"screen-reader-text\">Vizyonumuz<\/span> Devam\u0131 &raquo;<\/a><\/p>\n","protected":false},"author":1,"featured_media":0,"parent":0,"menu_order":0,"comment_status":"closed","ping_status":"closed","template":"","meta":{"site-sidebar-layout":"no-sidebar","site-content-layout":"page-builder","ast-global-header-display":"","ast-main-header-display":"","ast-hfb-above-header-display":"","ast-hfb-below-header-display":"","ast-hfb-mobile-header-display":"","site-post-title":"disabled","ast-breadcrumbs-content":"","ast-featured-img":"disabled","footer-sml-layout":"","theme-transparent-header-meta":"","adv-header-id-meta":"","stick-header-meta":"","header-above-stick-meta":"","header-main-stick-meta":"","header-below-stick-meta":"","footnotes":""},"class_list":["post-3985","page","type-page","status-publish","hentry"],"_links":{"self":[{"href":"https:\/\/www.axistechnic.com\/index.php\/wp-json\/wp\/v2\/pages\/3985","targetHints":{"allow":["GET"]}}],"collection":[{"href":"https:\/\/www.axistechnic.com\/index.php\/wp-json\/wp\/v2\/pages"}],"about":[{"href":"https:\/\/www.axistechnic.com\/index.php\/wp-json\/wp\/v2\/types\/page"}],"author":[{"embeddable":true,"href":"https:\/\/www.axistechnic.com\/index.php\/wp-json\/wp\/v2\/users\/1"}],"replies":[{"embeddable":true,"href":"https:\/\/www.axistechnic.com\/index.php\/wp-json\/wp\/v2\/comments?post=3985"}],"version-history":[{"count":40,"href":"https:\/\/www.axistechnic.com\/index.php\/wp-json\/wp\/v2\/pages\/3985\/revisions"}],"predecessor-version":[{"id":4066,"href":"https:\/\/www.axistechnic.com\/index.php\/wp-json\/wp\/v2\/pages\/3985\/revisions\/4066"}],"wp:attachment":[{"href":"https:\/\/www.axistechnic.com\/index.php\/wp-json\/wp\/v2\/media?parent=3985"}],"curies":[{"name":"wp","href":"https:\/\/api.w.org\/{rel}","templated":true}]}}